{"id":2380,"date":"2023-10-12T10:37:22","date_gmt":"2023-10-12T08:37:22","guid":{"rendered":"https:\/\/la1w6avrxg.preview.infomaniak.website\/?page_id=2380"},"modified":"2023-10-17T09:09:56","modified_gmt":"2023-10-17T07:09:56","slug":"impressum","status":"publish","type":"page","link":"https:\/\/ct-technologies.com\/de\/impressum\/","title":{"rendered":"Impressum"},"content":{"rendered":"<p>[et_pb_section fb_built=&#8220;1&#8243; module_class=&#8220;BandWhite&#8220; _builder_version=&#8220;4.19.0&#8243; _module_preset=&#8220;default&#8220; custom_padding=&#8220;||150px|||&#8220; global_colors_info=&#8220;{}&#8220;][et_pb_row _builder_version=&#8220;4.19.0&#8243; _module_preset=&#8220;default&#8220; max_width=&#8220;1122px&#8220; custom_padding=&#8220;0px||1px|||&#8220; global_colors_info=&#8220;{}&#8220;][et_pb_column type=&#8220;4_4&#8243; _builder_version=&#8220;4.19.0&#8243; _module_preset=&#8220;default&#8220; global_colors_info=&#8220;{}&#8220;][et_pb_text _builder_version=&#8220;4.19.0&#8243; _module_preset=&#8220;default&#8220; custom_margin=&#8220;||75px|0px|false|false&#8220;]<\/p>\n<h3>Impressum<\/h3>\n<p>[\/et_pb_text][et_pb_text _builder_version=&#8220;4.22.2&#8243; _module_preset=&#8220;default&#8220; custom_padding=&#8220;||75px|4px|false|false&#8220;]<\/p>\n<p><span><span class=\"ui-provider ey boa bob boc bod boe bof bog boh boi boj bok bol bom bon boo bop boq bor bos bot bou bov bow box boy boz bpa bpb bpc bpd bpe bpf bpg bph\" dir=\"ltr\">Eigent\u00fcmer und Betreiber dieser Website ist die CT Technologies, Inc. <\/span><\/span><\/p>\n<p>[\/et_pb_text][\/et_pb_column][\/et_pb_row][et_pb_row column_structure=&#8220;1_2,1_2&#8243; _builder_version=&#8220;4.19.0&#8243; _module_preset=&#8220;default&#8220; max_width=&#8220;1122px&#8220; custom_padding=&#8220;0px||90px|||&#8220; global_colors_info=&#8220;{}&#8220;][et_pb_column type=&#8220;1_2&#8243; _builder_version=&#8220;4.19.0&#8243; _module_preset=&#8220;default&#8220; global_colors_info=&#8220;{}&#8220;][et_pb_text _builder_version=&#8220;4.22.2&#8243; _module_preset=&#8220;default&#8220; text_font=&#8220;Plus Jakarta Sans &#8211; Extra Light||||||||&#8220; text_font_size=&#8220;36px&#8220; hover_enabled=&#8220;0&#8243; sticky_enabled=&#8220;0&#8243; text_line_height=&#8220;38px&#8220;]<\/p>\n<p>Rechtssitz der Gesellschaft<\/p>\n<p>[\/et_pb_text][\/et_pb_column][et_pb_column type=&#8220;1_2&#8243; _builder_version=&#8220;4.19.0&#8243; _module_preset=&#8220;default&#8220; global_colors_info=&#8220;{}&#8220;][et_pb_text _builder_version=&#8220;4.20.2&#8243; _module_preset=&#8220;default&#8220;]<\/p>\n<p><strong>CT Technologies, Inc.<\/strong><br \/>Rue du March\u00e9 7<br \/>CH-1204 Gen\u00e8ve<\/p>\n<p>T +41 (848) 300 200<br \/>F +41 (848) 300 201<br \/>info@ct-technologies.com<\/p>\n<p>[\/et_pb_text][\/et_pb_column][\/et_pb_row][et_pb_row column_structure=&#8220;1_2,1_2&#8243; _builder_version=&#8220;4.19.0&#8243; _module_preset=&#8220;default&#8220; max_width=&#8220;1122px&#8220; custom_padding=&#8220;0px||0px|||&#8220; global_colors_info=&#8220;{}&#8220;][et_pb_column type=&#8220;1_2&#8243; _builder_version=&#8220;4.19.0&#8243; _module_preset=&#8220;default&#8220; global_colors_info=&#8220;{}&#8220;][et_pb_text _builder_version=&#8220;4.20.2&#8243; _module_preset=&#8220;default&#8220; text_font=&#8220;Plus Jakarta Sans &#8211; Extra Light||||||||&#8220; text_font_size=&#8220;36px&#8220; text_line_height=&#8220;38px&#8220;]<\/p>\n<p>Gestaltung<\/p>\n<p>[\/et_pb_text][\/et_pb_column][et_pb_column type=&#8220;1_2&#8243; _builder_version=&#8220;4.19.0&#8243; _module_preset=&#8220;default&#8220; global_colors_info=&#8220;{}&#8220;][et_pb_text _builder_version=&#8220;4.20.2&#8243; _module_preset=&#8220;default&#8220;]<\/p>\n<p><strong>Tollkirsch AG<\/strong><br \/>Pionierstra\u00dfe 12<br \/>CH-8400 Winterthur<\/p>\n<p>T +41 (52) 235 00 35<br \/>info@tollkirsch.ch<br \/><a href=\"https:\/\/www.tollkirsch.ch\" target=\"_blank\" rel=\"noopener\">www.tollkirsch.ch<\/a><\/p>\n<p>[\/et_pb_text][\/et_pb_column][\/et_pb_row][\/et_pb_section]<\/p>\n","protected":false},"excerpt":{"rendered":"<p>ImpressumEigent\u00fcmer und Betreiber dieser Website ist die CT Technologies, Inc. Rechtssitz der GesellschaftCT Technologies, Inc.Rue du March\u00e9 7CH-1204 Gen\u00e8ve T +41 (848) 300 200F +41 (848) 300 201info@ct-technologies.comGestaltungTollkirsch AGPionierstra\u00dfe 12CH-8400 Winterthur T +41 (52) 235 00 35info@tollkirsch.chwww.tollkirsch.ch<\/p>\n","protected":false},"author":1,"featured_media":0,"parent":0,"menu_order":0,"comment_status":"closed","ping_status":"closed","template":"","meta":{"_et_pb_use_builder":"on","_et_pb_old_content":"","_et_gb_content_width":"","inline_featured_image":false,"footnotes":""},"class_list":["post-2380","page","type-page","status-publish","hentry"],"_links":{"self":[{"href":"https:\/\/ct-technologies.com\/de\/wp-json\/wp\/v2\/pages\/2380","targetHints":{"allow":["GET"]}}],"collection":[{"href":"https:\/\/ct-technologies.com\/de\/wp-json\/wp\/v2\/pages"}],"about":[{"href":"https:\/\/ct-technologies.com\/de\/wp-json\/wp\/v2\/types\/page"}],"author":[{"embeddable":true,"href":"https:\/\/ct-technologies.com\/de\/wp-json\/wp\/v2\/users\/1"}],"replies":[{"embeddable":true,"href":"https:\/\/ct-technologies.com\/de\/wp-json\/wp\/v2\/comments?post=2380"}],"version-history":[{"count":38,"href":"https:\/\/ct-technologies.com\/de\/wp-json\/wp\/v2\/pages\/2380\/revisions"}],"predecessor-version":[{"id":2622,"href":"https:\/\/ct-technologies.com\/de\/wp-json\/wp\/v2\/pages\/2380\/revisions\/2622"}],"wp:attachment":[{"href":"https:\/\/ct-technologies.com\/de\/wp-json\/wp\/v2\/media?parent=2380"}],"curies":[{"name":"wp","href":"https:\/\/api.w.org\/{rel}","templated":true}]}}